{"id":1481,"date":"2026-02-16T22:03:39","date_gmt":"2026-02-16T20:03:39","guid":{"rendered":"https:\/\/nordicparket.eu\/?post_type=product&#038;p=1481"},"modified":"2026-02-23T15:50:23","modified_gmt":"2026-02-23T13:50:23","slug":"fc-porandaoli-2c","status":"publish","type":"product","link":"https:\/\/nordicparket.eu\/et\/toode\/fc-porandaoli-2c\/","title":{"rendered":"FC p\u00f5randa\u00f5li 2C"},"content":{"rendered":"<p><span style=\"font-weight: 400;\">Kahekomponentne p\u00f5randa\u00f5li on lenduvate orgaaniliste \u00fchendite (VOC) vaba \u00f5li, mis on v\u00e4ga \u00f5rn ja madala heitkogusega ning seet\u00f5ttu ei avalda see sisekliimale kahjulikku m\u00f5ju. K\u00f5vendiga koostoime parandab \u00f5li toimet ja tagab kiirema k\u00f5venemise. Pind on t\u00e4ielikult t\u00f6\u00f6deldud p\u00e4rast \u00fchekordset pealekandmist<\/span><\/p>\n<p><span style=\"font-weight: 400;\">\u00d5li on saadaval 15 v\u00e4rvitoonis<\/span><\/p>\n","protected":false},"excerpt":{"rendered":"<p>Kahekomponentne p\u00f5randa\u00f5li on lenduvate orgaaniliste \u00fchendite (VOC) vaba \u00f5li, mis on v\u00e4ga \u00f5rn ja madala heitkogusega ning seet\u00f5ttu ei avalda see sisekliimale kahjulikku m\u00f5ju. K\u00f5vendiga koostoime parandab \u00f5li toimet ja tagab kiirema k\u00f5venemise. Pind on t\u00e4ielikult t\u00f6\u00f6deldud p\u00e4rast \u00fchekordset pealekandmist \u00d5li on saadaval 15 v\u00e4rvitoonis<\/p>\n","protected":false},"featured_media":1563,"comment_status":"open","ping_status":"closed","template":"","meta":{"site-sidebar-layout":"default","site-content-layout":"","ast-site-content-layout":"default","site-content-style":"default","site-sidebar-style":"default","ast-global-header-display":"","ast-banner-title-visibility":"","ast-main-header-display":"","ast-hfb-above-header-display":"","ast-hfb-below-header-display":"","ast-hfb-mobile-header-display":"","site-post-title":"","ast-breadcrumbs-content":"","ast-featured-img":"","footer-sml-layout":"","ast-disable-related-posts":"","theme-transparent-header-meta":"default","adv-header-id-meta":"","stick-header-meta":"","header-above-stick-meta":"","header-main-stick-meta":"","header-below-stick-meta":"","astra-migrate-meta-layouts":"set","ast-page-background-enabled":"default","ast-page-background-meta":{"desktop":{"background-color":"","background-image":"","background-repeat":"repeat","background-position":"center center","background-size":"auto","background-attachment":"scroll","background-type":"","background-media":"","overlay-type":"","overlay-color":"","overlay-opacity":"","overlay-gradient":""},"tablet":{"background-color":"","background-image":"","background-repeat":"repeat","background-position":"center center","background-size":"auto","background-attachment":"scroll","background-type":"","background-media":"","overlay-type":"","overlay-color":"","overlay-opacity":"","overlay-gradient":""},"mobile":{"background-color":"","background-image":"","background-repeat":"repeat","background-position":"center center","background-size":"auto","background-attachment":"scroll","background-type":"","background-media":"","overlay-type":"","overlay-color":"","overlay-opacity":"","overlay-gradient":""}},"ast-content-background-meta":{"desktop":{"background-color":"var(--ast-global-color-5)","background-image":"","background-repeat":"repeat","background-position":"center center","background-size":"auto","background-attachment":"scroll","background-type":"","background-media":"","overlay-type":"","overlay-color":"","overlay-opacity":"","overlay-gradient":""},"tablet":{"background-color":"var(--ast-global-color-5)","background-image":"","background-repeat":"repeat","background-position":"center center","background-size":"auto","background-attachment":"scroll","background-type":"","background-media":"","overlay-type":"","overlay-color":"","overlay-opacity":"","overlay-gradient":""},"mobile":{"background-color":"var(--ast-global-color-5)","background-image":"","background-repeat":"repeat","background-position":"center center","background-size":"auto","background-attachment":"scroll","background-type":"","background-media":"","overlay-type":"","overlay-color":"","overlay-opacity":"","overlay-gradient":""}}},"product_brand":[],"product_cat":[41],"product_tag":[],"class_list":{"0":"post-1481","1":"product","2":"type-product","3":"status-publish","4":"has-post-thumbnail","6":"product_cat-oli","7":"desktop-align-left","8":"tablet-align-left","9":"mobile-align-left","11":"first","12":"instock","13":"shipping-taxable","14":"purchasable","15":"product-type-simple"},"_links":{"self":[{"href":"https:\/\/nordicparket.eu\/et\/wp-json\/wp\/v2\/product\/1481","targetHints":{"allow":["GET"]}}],"collection":[{"href":"https:\/\/nordicparket.eu\/et\/wp-json\/wp\/v2\/product"}],"about":[{"href":"https:\/\/nordicparket.eu\/et\/wp-json\/wp\/v2\/types\/product"}],"replies":[{"embeddable":true,"href":"https:\/\/nordicparket.eu\/et\/wp-json\/wp\/v2\/comments?post=1481"}],"wp:featuredmedia":[{"embeddable":true,"href":"https:\/\/nordicparket.eu\/et\/wp-json\/wp\/v2\/media\/1563"}],"wp:attachment":[{"href":"https:\/\/nordicparket.eu\/et\/wp-json\/wp\/v2\/media?parent=1481"}],"wp:term":[{"taxonomy":"product_brand","embeddable":true,"href":"https:\/\/nordicparket.eu\/et\/wp-json\/wp\/v2\/product_brand?post=1481"},{"taxonomy":"product_cat","embeddable":true,"href":"https:\/\/nordicparket.eu\/et\/wp-json\/wp\/v2\/product_cat?post=1481"},{"taxonomy":"product_tag","embeddable":true,"href":"https:\/\/nordicparket.eu\/et\/wp-json\/wp\/v2\/product_tag?post=1481"}],"curies":[{"name":"wp","href":"https:\/\/api.w.org\/{rel}","templated":true}]}}