{"id":1482,"date":"2026-02-16T22:05:31","date_gmt":"2026-02-16T20:05:31","guid":{"rendered":"https:\/\/nordicparket.eu\/?post_type=product&#038;p=1482"},"modified":"2026-02-23T16:01:26","modified_gmt":"2026-02-23T14:01:26","slug":"fc-porandaoli-ja-kruntvarv-1l-ja-3l","status":"publish","type":"product","link":"https:\/\/nordicparket.eu\/et\/toode\/fc-porandaoli-ja-kruntvarv-1l-ja-3l\/","title":{"rendered":"FC p\u00f5randa\u00f5li ja kruntv\u00e4rv 1L ja 3L"},"content":{"rendered":"<p><span style=\"font-weight: 400;\">P\u00f5randa\u00f5li ja kruntv\u00e4rv on v\u00e4lja t\u00f6\u00f6tatud tervikliku \u00f5litus s\u00fcsteemina v\u00f5i kruntv\u00e4rvina enne kahekomponentse PU-lakiga Floorcoat pealekandmist. \u00d5li on lihtne<\/span><span style=\"font-weight: 400;\"><br \/>\n<\/span><span style=\"font-weight: 400;\">hooldamiseks. Valmis \u00f5lit\u00f6\u00f6tluseks tuleks p\u00f5randat t\u00f6\u00f6delda kaks korda, j\u00e4ttes kihtide vahele 12\u201324 tunni pikkuse kuivamisaja. Kahe t\u00f6\u00f6tlusega saavutatakse vastupidav pind. Kui soovitakse eriti suurt kulumiskindlust, saab \u00f5li \u00fcle katta FC 2K laki s\u00fcsteemidega \u2013 kas FC 82 2K v\u00f5i FC 84 2K. \u00dcle lakkimisel on vaja ainult \u00fchte p\u00f5randa\u00f5li ja kruntlaki kihti.<\/span><\/p>\n<p><span style=\"font-weight: 400;\">\u00d5li on saadaval 14 v\u00e4rvitoonis<\/span><\/p>\n","protected":false},"excerpt":{"rendered":"<p>P\u00f5randa\u00f5li ja kruntv\u00e4rv on v\u00e4lja t\u00f6\u00f6tatud tervikliku \u00f5litus s\u00fcsteemina v\u00f5i kruntv\u00e4rvina enne kahekomponentse PU-lakiga Floorcoat pealekandmist. \u00d5li on lihtne hooldamiseks. Valmis \u00f5lit\u00f6\u00f6tluseks tuleks p\u00f5randat t\u00f6\u00f6delda kaks korda, j\u00e4ttes kihtide vahele 12\u201324 tunni pikkuse kuivamisaja. Kahe t\u00f6\u00f6tlusega saavutatakse vastupidav pind. Kui soovitakse eriti suurt kulumiskindlust, saab \u00f5li \u00fcle katta FC 2K laki s\u00fcsteemidega \u2013 kas FC [&hellip;]<\/p>\n","protected":false},"featured_media":1567,"comment_status":"open","ping_status":"closed","template":"","meta":{"site-sidebar-layout":"default","site-content-layout":"","ast-site-content-layout":"default","site-content-style":"default","site-sidebar-style":"default","ast-global-header-display":"","ast-banner-title-visibility":"","ast-main-header-display":"","ast-hfb-above-header-display":"","ast-hfb-below-header-display":"","ast-hfb-mobile-header-display":"","site-post-title":"","ast-breadcrumbs-content":"","ast-featured-img":"","footer-sml-layout":"","ast-disable-related-posts":"","theme-transparent-header-meta":"default","adv-header-id-meta":"","stick-header-meta":"","header-above-stick-meta":"","header-main-stick-meta":"","header-below-stick-meta":"","astra-migrate-meta-layouts":"set","ast-page-background-enabled":"default","ast-page-background-meta":{"desktop":{"background-color":"","background-image":"","background-repeat":"repeat","background-position":"center center","background-size":"auto","background-attachment":"scroll","background-type":"","background-media":"","overlay-type":"","overlay-color":"","overlay-opacity":"","overlay-gradient":""},"tablet":{"background-color":"","background-image":"","background-repeat":"repeat","background-position":"center center","background-size":"auto","background-attachment":"scroll","background-type":"","background-media":"","overlay-type":"","overlay-color":"","overlay-opacity":"","overlay-gradient":""},"mobile":{"background-color":"","background-image":"","background-repeat":"repeat","background-position":"center center","background-size":"auto","background-attachment":"scroll","background-type":"","background-media":"","overlay-type":"","overlay-color":"","overlay-opacity":"","overlay-gradient":""}},"ast-content-background-meta":{"desktop":{"background-color":"var(--ast-global-color-5)","background-image":"","background-repeat":"repeat","background-position":"center center","background-size":"auto","background-attachment":"scroll","background-type":"","background-media":"","overlay-type":"","overlay-color":"","overlay-opacity":"","overlay-gradient":""},"tablet":{"background-color":"var(--ast-global-color-5)","background-image":"","background-repeat":"repeat","background-position":"center center","background-size":"auto","background-attachment":"scroll","background-type":"","background-media":"","overlay-type":"","overlay-color":"","overlay-opacity":"","overlay-gradient":""},"mobile":{"background-color":"var(--ast-global-color-5)","background-image":"","background-repeat":"repeat","background-position":"center center","background-size":"auto","background-attachment":"scroll","background-type":"","background-media":"","overlay-type":"","overlay-color":"","overlay-opacity":"","overlay-gradient":""}}},"product_brand":[],"product_cat":[41],"product_tag":[],"class_list":{"0":"post-1482","1":"product","2":"type-product","3":"status-publish","4":"has-post-thumbnail","6":"product_cat-oli","7":"desktop-align-left","8":"tablet-align-left","9":"mobile-align-left","11":"first","12":"instock","13":"shipping-taxable","14":"purchasable","15":"product-type-simple"},"_links":{"self":[{"href":"https:\/\/nordicparket.eu\/et\/wp-json\/wp\/v2\/product\/1482","targetHints":{"allow":["GET"]}}],"collection":[{"href":"https:\/\/nordicparket.eu\/et\/wp-json\/wp\/v2\/product"}],"about":[{"href":"https:\/\/nordicparket.eu\/et\/wp-json\/wp\/v2\/types\/product"}],"replies":[{"embeddable":true,"href":"https:\/\/nordicparket.eu\/et\/wp-json\/wp\/v2\/comments?post=1482"}],"wp:featuredmedia":[{"embeddable":true,"href":"https:\/\/nordicparket.eu\/et\/wp-json\/wp\/v2\/media\/1567"}],"wp:attachment":[{"href":"https:\/\/nordicparket.eu\/et\/wp-json\/wp\/v2\/media?parent=1482"}],"wp:term":[{"taxonomy":"product_brand","embeddable":true,"href":"https:\/\/nordicparket.eu\/et\/wp-json\/wp\/v2\/product_brand?post=1482"},{"taxonomy":"product_cat","embeddable":true,"href":"https:\/\/nordicparket.eu\/et\/wp-json\/wp\/v2\/product_cat?post=1482"},{"taxonomy":"product_tag","embeddable":true,"href":"https:\/\/nordicparket.eu\/et\/wp-json\/wp\/v2\/product_tag?post=1482"}],"curies":[{"name":"wp","href":"https:\/\/api.w.org\/{rel}","templated":true}]}}