{"id":1490,"date":"2026-02-16T22:09:16","date_gmt":"2026-02-16T20:09:16","guid":{"rendered":"https:\/\/nordicparket.eu\/?post_type=product&#038;p=1490"},"modified":"2026-02-23T16:03:36","modified_gmt":"2026-02-23T14:03:36","slug":"fc-84-high-line-5l-koos-kovendiga","status":"publish","type":"product","link":"https:\/\/nordicparket.eu\/et\/toode\/fc-84-high-line-5l-koos-kovendiga\/","title":{"rendered":"FC 84 High-Line 5L koos k\u00f5vendiga"},"content":{"rendered":"<p><span style=\"font-weight: 400;\">FC 84 2K on kolletumata, v\u00e4hese l\u00f5hnaga ja \u00e4\u00e4rmiselt vastupidav kahekomponentne veep\u00f5hine pol\u00fcuretaanlakk. Seda kasutatakse pealislakina puitp\u00f5randatel \u00e4ripindadel, kus on erakordselt k\u00f5rged kulumiskindluse n\u00f5uded.<\/span><\/p>\n","protected":false},"excerpt":{"rendered":"<p>FC 84 2K on kolletumata, v\u00e4hese l\u00f5hnaga ja \u00e4\u00e4rmiselt vastupidav kahekomponentne veep\u00f5hine pol\u00fcuretaanlakk. Seda kasutatakse pealislakina puitp\u00f5randatel \u00e4ripindadel, kus on erakordselt k\u00f5rged kulumiskindluse n\u00f5uded.<\/p>\n","protected":false},"featured_media":1575,"comment_status":"open","ping_status":"closed","template":"","meta":{"site-sidebar-layout":"default","site-content-layout":"","ast-site-content-layout":"default","site-content-style":"default","site-sidebar-style":"default","ast-global-header-display":"","ast-banner-title-visibility":"","ast-main-header-display":"","ast-hfb-above-header-display":"","ast-hfb-below-header-display":"","ast-hfb-mobile-header-display":"","site-post-title":"","ast-breadcrumbs-content":"","ast-featured-img":"","footer-sml-layout":"","ast-disable-related-posts":"","theme-transparent-header-meta":"default","adv-header-id-meta":"","stick-header-meta":"","header-above-stick-meta":"","header-main-stick-meta":"","header-below-stick-meta":"","astra-migrate-meta-layouts":"set","ast-page-background-enabled":"default","ast-page-background-meta":{"desktop":{"background-color":"","background-image":"","background-repeat":"repeat","background-position":"center center","background-size":"auto","background-attachment":"scroll","background-type":"","background-media":"","overlay-type":"","overlay-color":"","overlay-opacity":"","overlay-gradient":""},"tablet":{"background-color":"","background-image":"","background-repeat":"repeat","background-position":"center center","background-size":"auto","background-attachment":"scroll","background-type":"","background-media":"","overlay-type":"","overlay-color":"","overlay-opacity":"","overlay-gradient":""},"mobile":{"background-color":"","background-image":"","background-repeat":"repeat","background-position":"center center","background-size":"auto","background-attachment":"scroll","background-type":"","background-media":"","overlay-type":"","overlay-color":"","overlay-opacity":"","overlay-gradient":""}},"ast-content-background-meta":{"desktop":{"background-color":"var(--ast-global-color-5)","background-image":"","background-repeat":"repeat","background-position":"center center","background-size":"auto","background-attachment":"scroll","background-type":"","background-media":"","overlay-type":"","overlay-color":"","overlay-opacity":"","overlay-gradient":""},"tablet":{"background-color":"var(--ast-global-color-5)","background-image":"","background-repeat":"repeat","background-position":"center center","background-size":"auto","background-attachment":"scroll","background-type":"","background-media":"","overlay-type":"","overlay-color":"","overlay-opacity":"","overlay-gradient":""},"mobile":{"background-color":"var(--ast-global-color-5)","background-image":"","background-repeat":"repeat","background-position":"center center","background-size":"auto","background-attachment":"scroll","background-type":"","background-media":"","overlay-type":"","overlay-color":"","overlay-opacity":"","overlay-gradient":""}}},"product_brand":[],"product_cat":[40,37],"product_tag":[],"class_list":{"0":"post-1490","1":"product","2":"type-product","3":"status-publish","4":"has-post-thumbnail","6":"product_cat-high-line","7":"product_cat-lakk","8":"desktop-align-left","9":"tablet-align-left","10":"mobile-align-left","12":"first","13":"instock","14":"shipping-taxable","15":"purchasable","16":"product-type-simple"},"_links":{"self":[{"href":"https:\/\/nordicparket.eu\/et\/wp-json\/wp\/v2\/product\/1490","targetHints":{"allow":["GET"]}}],"collection":[{"href":"https:\/\/nordicparket.eu\/et\/wp-json\/wp\/v2\/product"}],"about":[{"href":"https:\/\/nordicparket.eu\/et\/wp-json\/wp\/v2\/types\/product"}],"replies":[{"embeddable":true,"href":"https:\/\/nordicparket.eu\/et\/wp-json\/wp\/v2\/comments?post=1490"}],"wp:featuredmedia":[{"embeddable":true,"href":"https:\/\/nordicparket.eu\/et\/wp-json\/wp\/v2\/media\/1575"}],"wp:attachment":[{"href":"https:\/\/nordicparket.eu\/et\/wp-json\/wp\/v2\/media?parent=1490"}],"wp:term":[{"taxonomy":"product_brand","embeddable":true,"href":"https:\/\/nordicparket.eu\/et\/wp-json\/wp\/v2\/product_brand?post=1490"},{"taxonomy":"product_cat","embeddable":true,"href":"https:\/\/nordicparket.eu\/et\/wp-json\/wp\/v2\/product_cat?post=1490"},{"taxonomy":"product_tag","embeddable":true,"href":"https:\/\/nordicparket.eu\/et\/wp-json\/wp\/v2\/product_tag?post=1490"}],"curies":[{"name":"wp","href":"https:\/\/api.w.org\/{rel}","templated":true}]}}