{"id":1677,"date":"2026-02-16T22:05:31","date_gmt":"2026-02-16T20:05:31","guid":{"rendered":"https:\/\/nordicparket.eu\/toode\/fc-lattiaoljy-ja-pohjuste-1-l-ja-3-l\/"},"modified":"2026-02-25T21:31:34","modified_gmt":"2026-02-25T19:31:34","slug":"fc-lattiaoljy-ja-pohjuste-1-l-ja-3-l","status":"publish","type":"product","link":"https:\/\/nordicparket.eu\/fi\/toode\/fc-lattiaoljy-ja-pohjuste-1-l-ja-3-l\/","title":{"rendered":"FC-lattia\u00f6ljy ja pohjuste 1 l ja 3 l"},"content":{"rendered":"<p><span style=\"font-weight: 400;\">Lattia\u00f6ljy ja pohjuste on kehitetty kokonaisvaltaiseksi \u00f6ljyj\u00e4rjestelm\u00e4ksi tai pohjusteeksi ennen kaksikomponenttisen Floorcoat PU-lakan levitt\u00e4mist\u00e4. \u00d6ljy\u00e4 on helppo<\/span><span style=\"font-weight: 400;\"><br \/>\n<\/span><span style=\"font-weight: 400;\">huoltaa. Valmista \u00f6ljyk\u00e4sittely\u00e4 varten lattia tulee k\u00e4sitell\u00e4 kahdesti, j\u00e4tt\u00e4en kerrosten v\u00e4liin 12\u201324 tunnin kuivumisajan. Kahdella k\u00e4sittelykerralla saavutetaan kest\u00e4v\u00e4 pinta. Jos halutaan erityisen suurta kulutuskest\u00e4vyytt\u00e4, \u00f6ljy voidaan p\u00e4\u00e4llyst\u00e4\u00e4 FC 2K -lakkaj\u00e4rjestelmill\u00e4 \u2013 joko FC 82 2K tai FC 84 2K. P\u00e4\u00e4llyslakkauksessa tarvitaan vain yksi kerros lattia\u00f6ljy\u00e4 ja pohjustetta.<\/span><\/p>\n<p><span style=\"font-weight: 400;\">\u00d6ljy\u00e4 on saatavana 14 v\u00e4ris\u00e4vyss\u00e4.<\/span><\/p>\n","protected":false},"excerpt":{"rendered":"<p>Lattia\u00f6ljy ja pohjuste on kehitetty kokonaisvaltaiseksi \u00f6ljyj\u00e4rjestelm\u00e4ksi tai pohjusteeksi ennen kaksikomponenttisen Floorcoat PU-lakan levitt\u00e4mist\u00e4. \u00d6ljy\u00e4 on helppo huoltaa. Valmista \u00f6ljyk\u00e4sittely\u00e4 varten lattia tulee k\u00e4sitell\u00e4 kahdesti, j\u00e4tt\u00e4en kerrosten v\u00e4liin 12\u201324 tunnin kuivumisajan. Kahdella k\u00e4sittelykerralla saavutetaan kest\u00e4v\u00e4 pinta. Jos halutaan erityisen suurta kulutuskest\u00e4vyytt\u00e4, \u00f6ljy voidaan p\u00e4\u00e4llyst\u00e4\u00e4 FC 2K -lakkaj\u00e4rjestelmill\u00e4 \u2013 joko FC 82 2K tai FC 84 [&hellip;]<\/p>\n","protected":false},"featured_media":1681,"comment_status":"open","ping_status":"closed","template":"","meta":{"site-sidebar-layout":"default","site-content-layout":"","ast-site-content-layout":"default","site-content-style":"default","site-sidebar-style":"default","ast-global-header-display":"","ast-banner-title-visibility":"","ast-main-header-display":"","ast-hfb-above-header-display":"","ast-hfb-below-header-display":"","ast-hfb-mobile-header-display":"","site-post-title":"","ast-breadcrumbs-content":"","ast-featured-img":"","footer-sml-layout":"","ast-disable-related-posts":"","theme-transparent-header-meta":"default","adv-header-id-meta":"","stick-header-meta":"","header-above-stick-meta":"","header-main-stick-meta":"","header-below-stick-meta":"","astra-migrate-meta-layouts":"set","ast-page-background-enabled":"default","ast-page-background-meta":{"desktop":{"background-color":"","background-image":"","background-repeat":"repeat","background-position":"center center","background-size":"auto","background-attachment":"scroll","background-type":"","background-media":"","overlay-type":"","overlay-color":"","overlay-opacity":"","overlay-gradient":""},"tablet":{"background-color":"","background-image":"","background-repeat":"repeat","background-position":"center center","background-size":"auto","background-attachment":"scroll","background-type":"","background-media":"","overlay-type":"","overlay-color":"","overlay-opacity":"","overlay-gradient":""},"mobile":{"background-color":"","background-image":"","background-repeat":"repeat","background-position":"center center","background-size":"auto","background-attachment":"scroll","background-type":"","background-media":"","overlay-type":"","overlay-color":"","overlay-opacity":"","overlay-gradient":""}},"ast-content-background-meta":{"desktop":{"background-color":"var(--ast-global-color-5)","background-image":"","background-repeat":"repeat","background-position":"center center","background-size":"auto","background-attachment":"scroll","background-type":"","background-media":"","overlay-type":"","overlay-color":"","overlay-opacity":"","overlay-gradient":""},"tablet":{"background-color":"var(--ast-global-color-5)","background-image":"","background-repeat":"repeat","background-position":"center center","background-size":"auto","background-attachment":"scroll","background-type":"","background-media":"","overlay-type":"","overlay-color":"","overlay-opacity":"","overlay-gradient":""},"mobile":{"background-color":"var(--ast-global-color-5)","background-image":"","background-repeat":"repeat","background-position":"center center","background-size":"auto","background-attachment":"scroll","background-type":"","background-media":"","overlay-type":"","overlay-color":"","overlay-opacity":"","overlay-gradient":""}}},"product_brand":[],"product_cat":[64],"product_tag":[],"class_list":{"0":"post-1677","1":"product","2":"type-product","3":"status-publish","4":"has-post-thumbnail","6":"product_cat-oljy","7":"desktop-align-left","8":"tablet-align-left","9":"mobile-align-left","11":"first","12":"instock","13":"shipping-taxable","14":"purchasable","15":"product-type-simple"},"_links":{"self":[{"href":"https:\/\/nordicparket.eu\/fi\/wp-json\/wp\/v2\/product\/1677","targetHints":{"allow":["GET"]}}],"collection":[{"href":"https:\/\/nordicparket.eu\/fi\/wp-json\/wp\/v2\/product"}],"about":[{"href":"https:\/\/nordicparket.eu\/fi\/wp-json\/wp\/v2\/types\/product"}],"replies":[{"embeddable":true,"href":"https:\/\/nordicparket.eu\/fi\/wp-json\/wp\/v2\/comments?post=1677"}],"wp:featuredmedia":[{"embeddable":true,"href":"https:\/\/nordicparket.eu\/fi\/wp-json\/wp\/v2\/media\/1681"}],"wp:attachment":[{"href":"https:\/\/nordicparket.eu\/fi\/wp-json\/wp\/v2\/media?parent=1677"}],"wp:term":[{"taxonomy":"product_brand","embeddable":true,"href":"https:\/\/nordicparket.eu\/fi\/wp-json\/wp\/v2\/product_brand?post=1677"},{"taxonomy":"product_cat","embeddable":true,"href":"https:\/\/nordicparket.eu\/fi\/wp-json\/wp\/v2\/product_cat?post=1677"},{"taxonomy":"product_tag","embeddable":true,"href":"https:\/\/nordicparket.eu\/fi\/wp-json\/wp\/v2\/product_tag?post=1677"}],"curies":[{"name":"wp","href":"https:\/\/api.w.org\/{rel}","templated":true}]}}