{"id":1684,"date":"2026-02-23T16:02:44","date_gmt":"2026-02-23T14:02:44","guid":{"rendered":"https:\/\/nordicparket.eu\/toode\/terassioljy-1-l-3-l\/"},"modified":"2026-02-25T21:31:53","modified_gmt":"2026-02-25T19:31:53","slug":"terassioljy-1-l-3-l","status":"publish","type":"product","link":"https:\/\/nordicparket.eu\/fi\/toode\/terassioljy-1-l-3-l\/","title":{"rendered":"Terassi\u00f6ljy 1 l + 3 l"},"content":{"rendered":"<p><span style=\"font-weight: 400;\">Floorcoat HGH -terassi\u00f6ljy\u00e4 k\u00e4ytet\u00e4\u00e4n uusien ja aiemmin \u00f6ljyttyjen puuterassien sek\u00e4 puutarhakalusteiden k\u00e4sittelyyn ja huoltoon. Sit\u00e4 voidaan k\u00e4ytt\u00e4\u00e4 kaikille puulajeille. Lehtikuusen kohdalla on suositeltavaa noudattaa varovaisuutta.<\/span><\/p>\n","protected":false},"excerpt":{"rendered":"<p>Floorcoat HGH -terassi\u00f6ljy\u00e4 k\u00e4ytet\u00e4\u00e4n uusien ja aiemmin \u00f6ljyttyjen puuterassien sek\u00e4 puutarhakalusteiden k\u00e4sittelyyn ja huoltoon. Sit\u00e4 voidaan k\u00e4ytt\u00e4\u00e4 kaikille puulajeille. Lehtikuusen kohdalla on suositeltavaa noudattaa varovaisuutta.<\/p>\n","protected":false},"featured_media":1687,"comment_status":"open","ping_status":"closed","template":"","meta":{"site-sidebar-layout":"default","site-content-layout":"","ast-site-content-layout":"default","site-content-style":"default","site-sidebar-style":"default","ast-global-header-display":"","ast-banner-title-visibility":"","ast-main-header-display":"","ast-hfb-above-header-display":"","ast-hfb-below-header-display":"","ast-hfb-mobile-header-display":"","site-post-title":"","ast-breadcrumbs-content":"","ast-featured-img":"","footer-sml-layout":"","ast-disable-related-posts":"","theme-transparent-header-meta":"default","adv-header-id-meta":"","stick-header-meta":"","header-above-stick-meta":"","header-main-stick-meta":"","header-below-stick-meta":"","astra-migrate-meta-layouts":"set","ast-page-background-enabled":"default","ast-page-background-meta":{"desktop":{"background-color":"","background-image":"","background-repeat":"repeat","background-position":"center center","background-size":"auto","background-attachment":"scroll","background-type":"","background-media":"","overlay-type":"","overlay-color":"","overlay-opacity":"","overlay-gradient":""},"tablet":{"background-color":"","background-image":"","background-repeat":"repeat","background-position":"center center","background-size":"auto","background-attachment":"scroll","background-type":"","background-media":"","overlay-type":"","overlay-color":"","overlay-opacity":"","overlay-gradient":""},"mobile":{"background-color":"","background-image":"","background-repeat":"repeat","background-position":"center center","background-size":"auto","background-attachment":"scroll","background-type":"","background-media":"","overlay-type":"","overlay-color":"","overlay-opacity":"","overlay-gradient":""}},"ast-content-background-meta":{"desktop":{"background-color":"var(--ast-global-color-5)","background-image":"","background-repeat":"repeat","background-position":"center center","background-size":"auto","background-attachment":"scroll","background-type":"","background-media":"","overlay-type":"","overlay-color":"","overlay-opacity":"","overlay-gradient":""},"tablet":{"background-color":"var(--ast-global-color-5)","background-image":"","background-repeat":"repeat","background-position":"center center","background-size":"auto","background-attachment":"scroll","background-type":"","background-media":"","overlay-type":"","overlay-color":"","overlay-opacity":"","overlay-gradient":""},"mobile":{"background-color":"var(--ast-global-color-5)","background-image":"","background-repeat":"repeat","background-position":"center center","background-size":"auto","background-attachment":"scroll","background-type":"","background-media":"","overlay-type":"","overlay-color":"","overlay-opacity":"","overlay-gradient":""}}},"product_brand":[],"product_cat":[55],"product_tag":[],"class_list":{"0":"post-1684","1":"product","2":"type-product","3":"status-publish","4":"has-post-thumbnail","6":"product_cat-uncategorized-fi","7":"desktop-align-left","8":"tablet-align-left","9":"mobile-align-left","11":"first","12":"outofstock","13":"shipping-taxable","14":"product-type-simple"},"_links":{"self":[{"href":"https:\/\/nordicparket.eu\/fi\/wp-json\/wp\/v2\/product\/1684","targetHints":{"allow":["GET"]}}],"collection":[{"href":"https:\/\/nordicparket.eu\/fi\/wp-json\/wp\/v2\/product"}],"about":[{"href":"https:\/\/nordicparket.eu\/fi\/wp-json\/wp\/v2\/types\/product"}],"replies":[{"embeddable":true,"href":"https:\/\/nordicparket.eu\/fi\/wp-json\/wp\/v2\/comments?post=1684"}],"wp:featuredmedia":[{"embeddable":true,"href":"https:\/\/nordicparket.eu\/fi\/wp-json\/wp\/v2\/media\/1687"}],"wp:attachment":[{"href":"https:\/\/nordicparket.eu\/fi\/wp-json\/wp\/v2\/media?parent=1684"}],"wp:term":[{"taxonomy":"product_brand","embeddable":true,"href":"https:\/\/nordicparket.eu\/fi\/wp-json\/wp\/v2\/product_brand?post=1684"},{"taxonomy":"product_cat","embeddable":true,"href":"https:\/\/nordicparket.eu\/fi\/wp-json\/wp\/v2\/product_cat?post=1684"},{"taxonomy":"product_tag","embeddable":true,"href":"https:\/\/nordicparket.eu\/fi\/wp-json\/wp\/v2\/product_tag?post=1684"}],"curies":[{"name":"wp","href":"https:\/\/api.w.org\/{rel}","templated":true}]}}