{"id":1698,"date":"2026-02-16T22:03:39","date_gmt":"2026-02-16T20:03:39","guid":{"rendered":"https:\/\/nordicparket.eu\/toode\/fc-lattiaoljy-2c\/"},"modified":"2026-02-25T21:31:21","modified_gmt":"2026-02-25T19:31:21","slug":"fc-lattiaoljy-2c","status":"publish","type":"product","link":"https:\/\/nordicparket.eu\/fi\/toode\/fc-lattiaoljy-2c\/","title":{"rendered":"FC-lattia\u00f6ljy 2C"},"content":{"rendered":"<p><span style=\"font-weight: 400;\">Kaksikomponenttinen lattia\u00f6ljy on VOC-vapaa \u00f6ljy, joka on eritt\u00e4in hell\u00e4varainen ja v\u00e4h\u00e4p\u00e4\u00e4st\u00f6inen, eik\u00e4 sill\u00e4 siten ole haitallisia vaikutuksia sis\u00e4ilmaan. Kovetteen k\u00e4ytt\u00f6 parantaa \u00f6ljyn ominaisuuksia ja takaa nopeamman kuivumisen. Pinta on t\u00e4ysin k\u00e4sitelty jo yhden levityskerran j\u00e4lkeen<\/span><\/p>\n<p><span style=\"font-weight: 400;\">\u00d6ljy on saatavana 15 eri v\u00e4riss\u00e4<\/span><\/p>\n","protected":false},"excerpt":{"rendered":"<p>Kaksikomponenttinen lattia\u00f6ljy on VOC-vapaa \u00f6ljy, joka on eritt\u00e4in hell\u00e4varainen ja v\u00e4h\u00e4p\u00e4\u00e4st\u00f6inen, eik\u00e4 sill\u00e4 siten ole haitallisia vaikutuksia sis\u00e4ilmaan. Kovetteen k\u00e4ytt\u00f6 parantaa \u00f6ljyn ominaisuuksia ja takaa nopeamman kuivumisen. Pinta on t\u00e4ysin k\u00e4sitelty jo yhden levityskerran j\u00e4lkeen \u00d6ljy on saatavana 15 eri v\u00e4riss\u00e4<\/p>\n","protected":false},"featured_media":1700,"comment_status":"open","ping_status":"closed","template":"","meta":{"site-sidebar-layout":"default","site-content-layout":"","ast-site-content-layout":"default","site-content-style":"default","site-sidebar-style":"default","ast-global-header-display":"","ast-banner-title-visibility":"","ast-main-header-display":"","ast-hfb-above-header-display":"","ast-hfb-below-header-display":"","ast-hfb-mobile-header-display":"","site-post-title":"","ast-breadcrumbs-content":"","ast-featured-img":"","footer-sml-layout":"","ast-disable-related-posts":"","theme-transparent-header-meta":"default","adv-header-id-meta":"","stick-header-meta":"","header-above-stick-meta":"","header-main-stick-meta":"","header-below-stick-meta":"","astra-migrate-meta-layouts":"set","ast-page-background-enabled":"default","ast-page-background-meta":{"desktop":{"background-color":"","background-image":"","background-repeat":"repeat","background-position":"center center","background-size":"auto","background-attachment":"scroll","background-type":"","background-media":"","overlay-type":"","overlay-color":"","overlay-opacity":"","overlay-gradient":""},"tablet":{"background-color":"","background-image":"","background-repeat":"repeat","background-position":"center center","background-size":"auto","background-attachment":"scroll","background-type":"","background-media":"","overlay-type":"","overlay-color":"","overlay-opacity":"","overlay-gradient":""},"mobile":{"background-color":"","background-image":"","background-repeat":"repeat","background-position":"center center","background-size":"auto","background-attachment":"scroll","background-type":"","background-media":"","overlay-type":"","overlay-color":"","overlay-opacity":"","overlay-gradient":""}},"ast-content-background-meta":{"desktop":{"background-color":"var(--ast-global-color-5)","background-image":"","background-repeat":"repeat","background-position":"center center","background-size":"auto","background-attachment":"scroll","background-type":"","background-media":"","overlay-type":"","overlay-color":"","overlay-opacity":"","overlay-gradient":""},"tablet":{"background-color":"var(--ast-global-color-5)","background-image":"","background-repeat":"repeat","background-position":"center center","background-size":"auto","background-attachment":"scroll","background-type":"","background-media":"","overlay-type":"","overlay-color":"","overlay-opacity":"","overlay-gradient":""},"mobile":{"background-color":"var(--ast-global-color-5)","background-image":"","background-repeat":"repeat","background-position":"center center","background-size":"auto","background-attachment":"scroll","background-type":"","background-media":"","overlay-type":"","overlay-color":"","overlay-opacity":"","overlay-gradient":""}}},"product_brand":[],"product_cat":[64],"product_tag":[],"class_list":{"0":"post-1698","1":"product","2":"type-product","3":"status-publish","4":"has-post-thumbnail","6":"product_cat-oljy","7":"desktop-align-left","8":"tablet-align-left","9":"mobile-align-left","11":"first","12":"instock","13":"shipping-taxable","14":"purchasable","15":"product-type-simple"},"_links":{"self":[{"href":"https:\/\/nordicparket.eu\/fi\/wp-json\/wp\/v2\/product\/1698","targetHints":{"allow":["GET"]}}],"collection":[{"href":"https:\/\/nordicparket.eu\/fi\/wp-json\/wp\/v2\/product"}],"about":[{"href":"https:\/\/nordicparket.eu\/fi\/wp-json\/wp\/v2\/types\/product"}],"replies":[{"embeddable":true,"href":"https:\/\/nordicparket.eu\/fi\/wp-json\/wp\/v2\/comments?post=1698"}],"wp:featuredmedia":[{"embeddable":true,"href":"https:\/\/nordicparket.eu\/fi\/wp-json\/wp\/v2\/media\/1700"}],"wp:attachment":[{"href":"https:\/\/nordicparket.eu\/fi\/wp-json\/wp\/v2\/media?parent=1698"}],"wp:term":[{"taxonomy":"product_brand","embeddable":true,"href":"https:\/\/nordicparket.eu\/fi\/wp-json\/wp\/v2\/product_brand?post=1698"},{"taxonomy":"product_cat","embeddable":true,"href":"https:\/\/nordicparket.eu\/fi\/wp-json\/wp\/v2\/product_cat?post=1698"},{"taxonomy":"product_tag","embeddable":true,"href":"https:\/\/nordicparket.eu\/fi\/wp-json\/wp\/v2\/product_tag?post=1698"}],"curies":[{"name":"wp","href":"https:\/\/api.w.org\/{rel}","templated":true}]}}