{"id":1707,"date":"2026-02-16T22:09:16","date_gmt":"2026-02-16T20:09:16","guid":{"rendered":"https:\/\/nordicparket.eu\/toode\/fc-84-high-line-5-l-kovetteella\/"},"modified":"2026-02-25T21:30:21","modified_gmt":"2026-02-25T19:30:21","slug":"fc-84-high-line-5-l-kovetteella","status":"publish","type":"product","link":"https:\/\/nordicparket.eu\/fi\/toode\/fc-84-high-line-5-l-kovetteella\/","title":{"rendered":"FC 84 High-Line 5 L kovetteella"},"content":{"rendered":"<p><span style=\"font-weight: 400;\">FC 84 2K on kellastumaton, miedon tuoksuinen ja eritt\u00e4in kest\u00e4v\u00e4 kaksikomponenttinen vesiohenteinen polyuretaanilakka. K\u00e4ytet\u00e4\u00e4n pintalakkana puulattioilla liiketiloissa, joissa on poikkeuksellisen korkeat kulutuskest\u00e4vyysvaatimukset.<\/span><\/p>\n","protected":false},"excerpt":{"rendered":"<p>FC 84 2K on kellastumaton, miedon tuoksuinen ja eritt\u00e4in kest\u00e4v\u00e4 kaksikomponenttinen vesiohenteinen polyuretaanilakka. K\u00e4ytet\u00e4\u00e4n pintalakkana puulattioilla liiketiloissa, joissa on poikkeuksellisen korkeat kulutuskest\u00e4vyysvaatimukset.<\/p>\n","protected":false},"featured_media":1708,"comment_status":"open","ping_status":"closed","template":"","meta":{"site-sidebar-layout":"default","site-content-layout":"","ast-site-content-layout":"default","site-content-style":"default","site-sidebar-style":"default","ast-global-header-display":"","ast-banner-title-visibility":"","ast-main-header-display":"","ast-hfb-above-header-display":"","ast-hfb-below-header-display":"","ast-hfb-mobile-header-display":"","site-post-title":"","ast-breadcrumbs-content":"","ast-featured-img":"","footer-sml-layout":"","ast-disable-related-posts":"","theme-transparent-header-meta":"default","adv-header-id-meta":"","stick-header-meta":"","header-above-stick-meta":"","header-main-stick-meta":"","header-below-stick-meta":"","astra-migrate-meta-layouts":"set","ast-page-background-enabled":"default","ast-page-background-meta":{"desktop":{"background-color":"","background-image":"","background-repeat":"repeat","background-position":"center center","background-size":"auto","background-attachment":"scroll","background-type":"","background-media":"","overlay-type":"","overlay-color":"","overlay-opacity":"","overlay-gradient":""},"tablet":{"background-color":"","background-image":"","background-repeat":"repeat","background-position":"center center","background-size":"auto","background-attachment":"scroll","background-type":"","background-media":"","overlay-type":"","overlay-color":"","overlay-opacity":"","overlay-gradient":""},"mobile":{"background-color":"","background-image":"","background-repeat":"repeat","background-position":"center center","background-size":"auto","background-attachment":"scroll","background-type":"","background-media":"","overlay-type":"","overlay-color":"","overlay-opacity":"","overlay-gradient":""}},"ast-content-background-meta":{"desktop":{"background-color":"var(--ast-global-color-5)","background-image":"","background-repeat":"repeat","background-position":"center center","background-size":"auto","background-attachment":"scroll","background-type":"","background-media":"","overlay-type":"","overlay-color":"","overlay-opacity":"","overlay-gradient":""},"tablet":{"background-color":"var(--ast-global-color-5)","background-image":"","background-repeat":"repeat","background-position":"center center","background-size":"auto","background-attachment":"scroll","background-type":"","background-media":"","overlay-type":"","overlay-color":"","overlay-opacity":"","overlay-gradient":""},"mobile":{"background-color":"var(--ast-global-color-5)","background-image":"","background-repeat":"repeat","background-position":"center center","background-size":"auto","background-attachment":"scroll","background-type":"","background-media":"","overlay-type":"","overlay-color":"","overlay-opacity":"","overlay-gradient":""}}},"product_brand":[],"product_cat":[68,58],"product_tag":[],"class_list":{"0":"post-1707","1":"product","2":"type-product","3":"status-publish","4":"has-post-thumbnail","6":"product_cat-high-line","7":"product_cat-lakka","8":"desktop-align-left","9":"tablet-align-left","10":"mobile-align-left","12":"first","13":"instock","14":"shipping-taxable","15":"purchasable","16":"product-type-simple"},"_links":{"self":[{"href":"https:\/\/nordicparket.eu\/fi\/wp-json\/wp\/v2\/product\/1707","targetHints":{"allow":["GET"]}}],"collection":[{"href":"https:\/\/nordicparket.eu\/fi\/wp-json\/wp\/v2\/product"}],"about":[{"href":"https:\/\/nordicparket.eu\/fi\/wp-json\/wp\/v2\/types\/product"}],"replies":[{"embeddable":true,"href":"https:\/\/nordicparket.eu\/fi\/wp-json\/wp\/v2\/comments?post=1707"}],"wp:featuredmedia":[{"embeddable":true,"href":"https:\/\/nordicparket.eu\/fi\/wp-json\/wp\/v2\/media\/1708"}],"wp:attachment":[{"href":"https:\/\/nordicparket.eu\/fi\/wp-json\/wp\/v2\/media?parent=1707"}],"wp:term":[{"taxonomy":"product_brand","embeddable":true,"href":"https:\/\/nordicparket.eu\/fi\/wp-json\/wp\/v2\/product_brand?post=1707"},{"taxonomy":"product_cat","embeddable":true,"href":"https:\/\/nordicparket.eu\/fi\/wp-json\/wp\/v2\/product_cat?post=1707"},{"taxonomy":"product_tag","embeddable":true,"href":"https:\/\/nordicparket.eu\/fi\/wp-json\/wp\/v2\/product_tag?post=1707"}],"curies":[{"name":"wp","href":"https:\/\/api.w.org\/{rel}","templated":true}]}}